{"id":109,"date":"2026-04-15T02:53:03","date_gmt":"2026-04-15T02:53:03","guid":{"rendered":"https:\/\/aprocast.com\/index.php\/nuestro-cafe\/"},"modified":"2026-04-18T03:31:26","modified_gmt":"2026-04-18T03:31:26","slug":"nuestro-cafe","status":"publish","type":"page","link":"https:\/\/aprocast.com\/index.php\/nuestro-cafe\/","title":{"rendered":"Nuestro caf\u00e9"},"content":{"rendered":"\n\n\n<p class=\"has-text-align-center\"><strong>Nuestro caf\u00e9<\/strong><\/p>\n\n\n\n<div class=\"wp-block-media-text alignfull is-stacked-on-mobile is-vertically-aligned-center\" style=\"grid-template-columns:36% auto\"><figure class=\"wp-block-media-text__media\"><img decoding=\"async\" src=\"https:\/\/aprocast.com\/wp-content\/plugins\/woocommerce\/assets\/images\/pattern-placeholders\/man-person-winter-photography-statue-coat.png\" alt=\"Placeholder image used to represent a product being showcased in a hero section.\"\/><\/figure><div class=\"wp-block-media-text__content\">\n<h3 class=\"wp-block-heading\">Caf\u00e9 Natural<\/h3>\n\n\n\n<hr class=\"wp-block-separator has-alpha-channel-opacity is-style-default\"\/>\n\n\n\n<p>Un caf\u00e9 de <strong>perfil intenso y expresivo<\/strong>, con notas profundas de cacao oscuro que se entrelazan con un car\u00e1cter frutal y vibrante. <\/p>\n\n\n\n<p>Destacan sabores a moras maduras y un dulzor tipo miel que aporta complejidad a la taza. <\/p>\n\n\n\n<p>Su <strong>cuerpo medio y acidez media-alta <\/strong>generan una experiencia jugosa y llamativa, ideal para quienes disfrutan caf\u00e9s con mayor personalidad y un perfil m\u00e1s atrevido.<\/p>\n\n\n\n<p><\/p>\n<\/div><\/div>\n\n\n\n<div class=\"wp-block-media-text alignfull is-stacked-on-mobile is-vertically-aligned-center\" style=\"grid-template-columns:36% auto\"><figure class=\"wp-block-media-text__media\"><img decoding=\"async\" src=\"https:\/\/aprocast.com\/wp-content\/plugins\/woocommerce\/assets\/images\/pattern-placeholders\/man-person-winter-photography-statue-coat.png\" alt=\"Placeholder image used to represent a product being showcased in a hero section.\"\/><\/figure><div class=\"wp-block-media-text__content\">\n<h3 class=\"wp-block-heading\">Caf\u00e9 Miel<\/h3>\n\n\n\n<hr class=\"wp-block-separator has-alpha-channel-opacity is-style-default\"\/>\n\n\n\n<p>Este proceso ofrece una experiencia m\u00e1s dulce y envolvente, donde predominan las notas de caramelo, tapa de dulce y miel de abeja. <\/p>\n\n\n\n<p>En boca presenta un cuerpo medio y una acidez media, con una sensaci\u00f3n m\u00e1s densa y ligeramente m\u00e1s compleja que el caf\u00e9 lavado. <\/p>\n\n\n\n<p>Aunque mantiene un perfil delicado, su car\u00e1cter es menos limpio, lo que permite apreciar una textura m\u00e1s rica y un dulzor prolongado que permanece en el paladar.<\/p>\n\n\n\n<p><\/p>\n<\/div><\/div>\n\n\n\n<div class=\"wp-block-media-text alignfull is-stacked-on-mobile is-vertically-aligned-center\" style=\"grid-template-columns:36% auto\"><figure class=\"wp-block-media-text__media\"><img decoding=\"async\" src=\"https:\/\/aprocast.com\/wp-content\/plugins\/woocommerce\/assets\/images\/pattern-placeholders\/man-person-winter-photography-statue-coat.png\" alt=\"Placeholder image used to represent a product being showcased in a hero section.\"\/><\/figure><div class=\"wp-block-media-text__content\">\n<h3 class=\"wp-block-heading\">Caf\u00e9 Lavado<\/h3>\n\n\n\n<hr class=\"wp-block-separator has-alpha-channel-opacity is-style-default\"\/>\n\n\n\n<p>Un caf\u00e9 elegante y equilibrado, con un perfil limpio que resalta notas de chocolate suave acompa\u00f1adas de matices delicados similares al t\u00e9.<\/p>\n\n\n\n<p>Se perciben toques dulces de az\u00facar moreno y recuerdos a jugo de ca\u00f1a, que aportan una sensaci\u00f3n natural y reconfortante en cada sorbo.<\/p>\n\n\n\n<p>Su cuerpo medio y acidez media lo convierten en una taza armoniosa, fresca y bien definida, ideal para quienes buscan claridad y pureza en el sabor.<\/p>\n\n\n\n<p><\/p>\n<\/div><\/div>\n\n\n\n<p><\/p>\n","protected":false},"excerpt":{"rendered":"<p>Nuestro caf\u00e9<\/p>\n","protected":false},"author":2,"featured_media":0,"parent":0,"menu_order":0,"comment_status":"closed","ping_status":"closed","template":"","meta":{"_monsterinsights_skip_tracking":false,"_monsterinsights_sitenote_active":false,"_monsterinsights_sitenote_note":"","_monsterinsights_sitenote_category":0,"footnotes":""},"class_list":["post-109","page","type-page","status-publish","hentry"],"aioseo_notices":[],"_links":{"self":[{"href":"https:\/\/aprocast.com\/index.php\/wp-json\/wp\/v2\/pages\/109","targetHints":{"allow":["GET"]}}],"collection":[{"href":"https:\/\/aprocast.com\/index.php\/wp-json\/wp\/v2\/pages"}],"about":[{"href":"https:\/\/aprocast.com\/index.php\/wp-json\/wp\/v2\/types\/page"}],"author":[{"embeddable":true,"href":"https:\/\/aprocast.com\/index.php\/wp-json\/wp\/v2\/users\/2"}],"replies":[{"embeddable":true,"href":"https:\/\/aprocast.com\/index.php\/wp-json\/wp\/v2\/comments?post=109"}],"version-history":[{"count":2,"href":"https:\/\/aprocast.com\/index.php\/wp-json\/wp\/v2\/pages\/109\/revisions"}],"predecessor-version":[{"id":166,"href":"https:\/\/aprocast.com\/index.php\/wp-json\/wp\/v2\/pages\/109\/revisions\/166"}],"wp:attachment":[{"href":"https:\/\/aprocast.com\/index.php\/wp-json\/wp\/v2\/media?parent=109"}],"curies":[{"name":"wp","href":"https:\/\/api.w.org\/{rel}","templated":true}]}}